{"id":17769,"date":"2026-04-21T11:12:51","date_gmt":"2026-04-21T09:12:51","guid":{"rendered":"https:\/\/laciviltadelbere.com\/?post_type=product&#038;p=17769"},"modified":"2026-04-21T11:20:42","modified_gmt":"2026-04-21T09:20:42","slug":"champagne-brut-nature-lodysee-petillante-chapitre-2-romain-henin","status":"publish","type":"product","link":"https:\/\/laciviltadelbere.com\/en\/prodotto\/champagne-brut-nature-lodysee-petillante-chapitre-2-romain-henin\/","title":{"rendered":"Champagne Brut Nature  &#8220;L&#8217;Odys\u00e9e P\u00e9tillante Chapitre 2&#8221; &#8211; Romain Henin"},"content":{"rendered":"","protected":false},"excerpt":{"rendered":"<p>Romain H\u00e9nin is a young winemaker based in A\u00ff in the Montagne de Reims in Champagne. The winery was founded by his father, Pascal H\u00e9nin, an independent picker and winemaker. Since 2021, Romain H\u00e9nin has been in charge of the vineyard and winemaking. Drawing on his experience with S\u00e9bastien Mouzon and Henri Giraud, he works carefully and rigorously with respect for the environment, with a plan to convert the entire farm to biodynamics.<\/p>\n<p>The vineyard covers several major Champagne terroirs: A\u00ff and Chouilly for Grands Crus, Mareuil-sur-A\u00ff and Dizy for Premiers Crus, and in the Marne Valley in Cerseuil and Troissy. This diversity of terroir allows the richness and aromas of Champagne&#8217;s three main grape varieties to be harnessed for blends. The wines are natural, made without additives and without sulfur dioxide.<\/p>\n<p>DEGORGMENT: 12\/2025<\/p>\n<div class=\"caratteristiche\">\n<div class=\"temperatura\">\n<div class=\"icona-temperatura\"><\/div>\n<h4>Temperature:<\/h4>\n<p>8-10\u00b0<\/p>\n<\/div>\n<div class=\"abbinamento\">\n<div class=\"icona-abbinamento\"><\/div>\n<h4>Combinations:<\/h4>\n<p>Seafood dishes<\/p>\n<\/div>\n<div class=\"vitigno\">\n<div class=\"icona-vitigno\"><\/div>\n<h4>Grapevine:<\/h4>\n<p>10% chardonnay , 50% pinot nero , 40% meunier <\/p>\n<\/div>\n<div class=\"gradazione\">\n<div class=\"icona-gradazione\"><\/div>\n<h4>Gradation:<\/h4>\n<p>12%<\/p>\n<\/div>\n<div class=\"formato\">\n<div class=\"icona-formato\"><\/div>\n<h4>Size:<\/h4>\n<p>75cl<\/p>\n<\/div>\n<\/div>\n","protected":false},"featured_media":17773,"template":"","meta":{"inline_featured_image":false},"product_cat":[770,758,769],"product_tag":[1059,780,771,1061,1060,1062],"cantina":[],"wppr_data":{"cwp_meta_box_check":"No"},"_links":{"self":[{"href":"https:\/\/laciviltadelbere.com\/en\/wp-json\/wp\/v2\/product\/17769"}],"collection":[{"href":"https:\/\/laciviltadelbere.com\/en\/wp-json\/wp\/v2\/product"}],"about":[{"href":"https:\/\/laciviltadelbere.com\/en\/wp-json\/wp\/v2\/types\/product"}],"version-history":[{"count":1,"href":"https:\/\/laciviltadelbere.com\/en\/wp-json\/wp\/v2\/product\/17769\/revisions"}],"predecessor-version":[{"id":17775,"href":"https:\/\/laciviltadelbere.com\/en\/wp-json\/wp\/v2\/product\/17769\/revisions\/17775"}],"wp:featuredmedia":[{"embeddable":true,"href":"https:\/\/laciviltadelbere.com\/en\/wp-json\/wp\/v2\/media\/17773"}],"wp:attachment":[{"href":"https:\/\/laciviltadelbere.com\/en\/wp-json\/wp\/v2\/media?parent=17769"}],"wp:term":[{"taxonomy":"product_cat","embeddable":true,"href":"https:\/\/laciviltadelbere.com\/en\/wp-json\/wp\/v2\/product_cat?post=17769"},{"taxonomy":"product_tag","embeddable":true,"href":"https:\/\/laciviltadelbere.com\/en\/wp-json\/wp\/v2\/product_tag?post=17769"},{"taxonomy":"cantina","embeddable":true,"href":"https:\/\/laciviltadelbere.com\/en\/wp-json\/wp\/v2\/cantina?post=17769"}],"curies":[{"name":"wp","href":"https:\/\/api.w.org\/{rel}","templated":true}]}}