{"id":14030,"date":"2023-12-04T16:07:56","date_gmt":"2023-12-04T15:07:56","guid":{"rendered":"https:\/\/laciviltadelbere.com\/?post_type=product&#038;p=14030"},"modified":"2024-04-14T17:29:47","modified_gmt":"2024-04-14T15:29:47","slug":"champagne-brut-belle-epoque-2015-perrier-jouet","status":"publish","type":"product","link":"https:\/\/laciviltadelbere.com\/en\/prodotto\/champagne-brut-belle-epoque-2015-perrier-jouet\/","title":{"rendered":"Champagne Brut &#8220;Belle Epoque&#8221; (Boxed) 2015 &#8211; Perrier Jouet"},"content":{"rendered":"","protected":false},"excerpt":{"rendered":"<p>The finesse of Belle Epoque 2015 a vintage champagne from Perrier Jouet in an innovative case reinterpreted by Fernando Laposse<br \/>\nThe property<\/p>\n<p>The Perrier-Jou\u00ebt Champagne House was founded in 1811 by Pierre Perrier and his wife Ad\u00e8le Jou\u00ebt. Produced from exceptional Champagne terroirs (A\u00ff, Mailly-Champagne, Avize and Cramant), the house&#8217;s cuv\u00e9es are known for their singular style that combines aromatic richness, refinement and subtlety. Starting in 1861, Perrier-Jou\u00ebt became the champagne of choice of Queen Victoria and later of the French Imperial Court.<\/p>\n<p>Owned by the champagne company GH Mumm since 1959, Perrier-Jou\u00ebt owes its uniqueness in particular to the iconic bottle of its prestige cuv\u00e9e &#8220;Belle Epoque&#8221;, designed in 1969 by \u00c9mile Gall\u00e9.<\/p>\n<p>An innovative pencil case<\/p>\n<p>The emblematic Perrier-Jo\u00fcet Belle Epoque champagne is the first cuv\u00e9e to feature the white Japanese anemone, a motif created for the house in 1902 by Art Nouveau master \u00c9mile Gall\u00e9.<\/p>\n<p>Perrier-Jou\u00ebt&#8217;s La Belle \u00c9poque 2015 is a perfect interpretation of the Maison&#8217;s style and is the result of a harmonious blend of Champagne&#8217;s emblematic crus (Cramant, Avize, Chouilly, Mesnil-sur-Oger, Vertus and Mailly). This champage is aged for a minimum of 6 years in the company&#8217;s cellars.<\/p>\n<p>An innovative pencil case reinvented by Fernando Laposse<\/p>\n<p>Combining ecology and eco-design, Cocoon is a minimalist case dedicated to the vintages of Perrier-Jou\u00ebt. On the occasion of this anniversary, Fernando Laposse was invited by Perrier-Jou\u00ebt to design new limited editions. Particularly inspired by the actions taken by the famous house to develop biodiversity in its vineyards, Fernando Laposse was inspired by pollination, an ephemeral process that highlights the importance of each species in the growth of vines.<\/p>\n<p>The vintage<\/p>\n<p>Following a mild winter, a period of drought began in mid-May which led to early flowering. The month of July was exceptionally dry and hot, with record temperatures. However, the rains of mid-August contributed to the ripening of the grapes, providing optimal conditions for a harvest of healthy and perfectly ripe grapes.<\/p>\n<div class=\"caratteristiche\">\n<div class=\"temperatura\">\n<div class=\"icona-temperatura\"><\/div>\n<h4>Temperature:<\/h4>\n<p> 8-10\u00b0 <\/p>\n<\/p><\/div>\n<div class=\"abbinamento\">\n<div class=\"icona-abbinamento\"><\/div>\n<h4>Combinations:<\/h4>\n<p> Seafood dishes <\/p>\n<\/p><\/div>\n<div class=\"vitigno\">\n<div class=\"icona-vitigno\"><\/div>\n<h4>Grapevine:<\/h4>\n<p>  chardonnay 50%,pinot noir 45%,pinot meunier 5%.\n<\/p><\/div>\n<div class=\"gradazione\">\n<div class=\"icona-gradazione\"><\/div>\n<h4>Gradation:<\/h4>\n<p>  12.5%  <\/p>\n<\/p><\/div>\n<div class=\"formato\">\n<div class=\"icona-formato\"><\/div>\n<h4>Size:<\/h4>\n<p> 75cl <\/p>\n<\/p><\/div>\n<\/div>\n","protected":false},"featured_media":14034,"template":"","meta":{"inline_featured_image":false},"product_cat":[770,737,769],"product_tag":[780,771,844,845],"cantina":[],"wppr_data":{"cwp_meta_box_check":"No"},"_links":{"self":[{"href":"https:\/\/laciviltadelbere.com\/en\/wp-json\/wp\/v2\/product\/14030"}],"collection":[{"href":"https:\/\/laciviltadelbere.com\/en\/wp-json\/wp\/v2\/product"}],"about":[{"href":"https:\/\/laciviltadelbere.com\/en\/wp-json\/wp\/v2\/types\/product"}],"version-history":[{"count":3,"href":"https:\/\/laciviltadelbere.com\/en\/wp-json\/wp\/v2\/product\/14030\/revisions"}],"predecessor-version":[{"id":14041,"href":"https:\/\/laciviltadelbere.com\/en\/wp-json\/wp\/v2\/product\/14030\/revisions\/14041"}],"wp:featuredmedia":[{"embeddable":true,"href":"https:\/\/laciviltadelbere.com\/en\/wp-json\/wp\/v2\/media\/14034"}],"wp:attachment":[{"href":"https:\/\/laciviltadelbere.com\/en\/wp-json\/wp\/v2\/media?parent=14030"}],"wp:term":[{"taxonomy":"product_cat","embeddable":true,"href":"https:\/\/laciviltadelbere.com\/en\/wp-json\/wp\/v2\/product_cat?post=14030"},{"taxonomy":"product_tag","embeddable":true,"href":"https:\/\/laciviltadelbere.com\/en\/wp-json\/wp\/v2\/product_tag?post=14030"},{"taxonomy":"cantina","embeddable":true,"href":"https:\/\/laciviltadelbere.com\/en\/wp-json\/wp\/v2\/cantina?post=14030"}],"curies":[{"name":"wp","href":"https:\/\/api.w.org\/{rel}","templated":true}]}}