{"id":12200,"date":"2022-01-12T18:02:32","date_gmt":"2022-01-12T17:02:32","guid":{"rendered":"https:\/\/laciviltadelbere.com\/prodotto\/chateau-pontet-canet-pauillac-1er-grand-cru-classe-2014-chateau-pontet-canet\/"},"modified":"2022-01-12T18:02:32","modified_gmt":"2022-01-12T17:02:32","slug":"chateau-pontet-canet-pauillac-1er-grand-cru-class-2014-chateau-pontet-canet","status":"publish","type":"product","link":"https:\/\/laciviltadelbere.com\/en\/prodotto\/chateau-pontet-canet-pauillac-1er-grand-cru-class-2014-chateau-pontet-canet\/","title":{"rendered":"Ch\u00e2teau Pontet-Canet Pauillac 1er Grand Cru Class\u00e9 2014 &#8211; Ch\u00e2teau Pontet-Canet"},"content":{"rendered":"","protected":false},"excerpt":{"rendered":"<p>Ch\u00e2teau Pontet-Canet is a historic winery in Pauillac and is also known historically for the charm and importance of their Bordeaux wines.<br \/>\nThe large underground wine-making caves, the pride of the Chateau, have contained amphorae for wine making since 2004. A true green revolution arrived at the chateau, after the first attempt had given much brighter and clearer wines. Monsieur Tesseron, very pleased with the result, worked to bring the Chateau first to Ecocert certification and then to Biodyvin certification that came in 2010. Today Pontet Canet manages its 80 hectares of vines in Biodynamic agriculture, therefore vineyard management with horse, buried amphorae the vinification and afinametno of wine, indigenous yeasts and spontaneous fermentations. A real revolution in Bordeaux.<\/p>\n<div class=\"caratteristiche\">\n<div class=\"temperatura\">\n<div class=\"icona-temperatura\"><\/div>\n<h4>Temperature:<\/h4>\n<p>8-10\u00b0<\/p>\n<\/div>\n<div class=\"abbinamento\">\n<div class=\"icona-abbinamento\"><\/div>\n<h4>Combinations:<\/h4>\n<p>white meat, stewed fish<\/p>\n<\/div>\n<div class=\"vitigno\">\n<div class=\"icona-vitigno\"><\/div>\n<h4>Grapevine:<\/h4>\n<p>77% Merlot, 23% Cabernet-franc<\/p>\n<\/div>\n<div class=\"gradazione\">\n<div class=\"icona-gradazione\"><\/div>\n<h4>Gradation:<\/h4>\n<p>14%<\/p>\n<\/div>\n<div class=\"formato\">\n<div class=\"icona-formato\"><\/div>\n<h4>Size:<\/h4>\n<p>75 cl<\/p>\n<\/div>\n<\/div>\n","protected":false},"featured_media":10958,"template":"","meta":{"inline_featured_image":false},"product_cat":[737,742,743],"product_tag":[1153,889,885,1150],"cantina":[],"wppr_data":[],"_links":{"self":[{"href":"https:\/\/laciviltadelbere.com\/en\/wp-json\/wp\/v2\/product\/12200"}],"collection":[{"href":"https:\/\/laciviltadelbere.com\/en\/wp-json\/wp\/v2\/product"}],"about":[{"href":"https:\/\/laciviltadelbere.com\/en\/wp-json\/wp\/v2\/types\/product"}],"version-history":[{"count":0,"href":"https:\/\/laciviltadelbere.com\/en\/wp-json\/wp\/v2\/product\/12200\/revisions"}],"wp:featuredmedia":[{"embeddable":true,"href":"https:\/\/laciviltadelbere.com\/en\/wp-json\/wp\/v2\/media\/10958"}],"wp:attachment":[{"href":"https:\/\/laciviltadelbere.com\/en\/wp-json\/wp\/v2\/media?parent=12200"}],"wp:term":[{"taxonomy":"product_cat","embeddable":true,"href":"https:\/\/laciviltadelbere.com\/en\/wp-json\/wp\/v2\/product_cat?post=12200"},{"taxonomy":"product_tag","embeddable":true,"href":"https:\/\/laciviltadelbere.com\/en\/wp-json\/wp\/v2\/product_tag?post=12200"},{"taxonomy":"cantina","embeddable":true,"href":"https:\/\/laciviltadelbere.com\/en\/wp-json\/wp\/v2\/cantina?post=12200"}],"curies":[{"name":"wp","href":"https:\/\/api.w.org\/{rel}","templated":true}]}}