{"id":12136,"date":"2022-05-17T16:43:15","date_gmt":"2022-05-17T14:43:15","guid":{"rendered":"https:\/\/laciviltadelbere.com\/prodotto\/champagne-cuvee-brut-rose-influence-miniere-fr\/"},"modified":"2022-05-17T16:43:15","modified_gmt":"2022-05-17T14:43:15","slug":"champagne-cuvee-brut-rose-influence-miniere-fr","status":"publish","type":"product","link":"https:\/\/laciviltadelbere.com\/en\/prodotto\/champagne-cuvee-brut-rose-influence-miniere-fr\/","title":{"rendered":"Champagne Cuv\u00e8e Brut Ros\u00e9 &#8221; Influence&#8221; &#8211; Mini\u00e8re F&amp;R"},"content":{"rendered":"","protected":false},"excerpt":{"rendered":"<p>Pinot Noir and Chardonnay grapes come from vineyards grown in the lieu dit Les Fontenelles and Meunier grapes in the lieu dit Les Couturelles. A very limited production for this Ros\u00e9, about 700 bottles. A blend of Meunier in greater percentage and Pinot Noir and Chardonnay in equal parts. All wines are vinified in barrels of various ages to enhance the different characteristics and after &#8220;mise en bouteille&#8221; they mature for a period of 5\/6 years.<br \/>\nA salmon-pink color for a fine and persistent perlage. Elegant and sophisticated, the nose opens on complex red fruit aromas that blend deliciously on the palate with fresh, crisp notes. The refined finish recalls the natural elegance of Chardonnay.<br \/>\nHARVEST: 76% 2017 &#8211; 24% 2016<br \/>\nBOTTLED: June 2018<br \/>\nDEGORGMENT: August 2021<\/p>\n<div class=\"caratteristiche\">\n<div class=\"temperatura\">\n<div class=\"icona-temperatura\"><\/div>\n<h4>Temperature:<\/h4>\n<p>8-10\u00b0<\/p>\n<\/div>\n<div class=\"abbinamento\">\n<div class=\"icona-abbinamento\"><\/div>\n<h4>Combinations:<\/h4>\n<p>Seafood dishes<\/p>\n<\/div>\n<div class=\"vitigno\">\n<div class=\"icona-vitigno\"><\/div>\n<h4>Grapevine:<\/h4>\n<p>40% Meunier, 20% Pinot Noir 20% Chardonnay<\/p>\n<\/div>\n<div class=\"gradazione\">\n<div class=\"icona-gradazione\"><\/div>\n<h4>Gradation:<\/h4>\n<p>12,5%<\/p>\n<\/div>\n<div class=\"formato\">\n<div class=\"icona-formato\"><\/div>\n<h4>Size:<\/h4>\n<p>75cl<\/p>\n<\/div>\n<\/div>\n","protected":false},"featured_media":11046,"template":"","meta":{"inline_featured_image":false},"product_cat":[770,865,769],"product_tag":[780,771,940,1118,782],"cantina":[],"wppr_data":[],"_links":{"self":[{"href":"https:\/\/laciviltadelbere.com\/en\/wp-json\/wp\/v2\/product\/12136"}],"collection":[{"href":"https:\/\/laciviltadelbere.com\/en\/wp-json\/wp\/v2\/product"}],"about":[{"href":"https:\/\/laciviltadelbere.com\/en\/wp-json\/wp\/v2\/types\/product"}],"version-history":[{"count":0,"href":"https:\/\/laciviltadelbere.com\/en\/wp-json\/wp\/v2\/product\/12136\/revisions"}],"wp:featuredmedia":[{"embeddable":true,"href":"https:\/\/laciviltadelbere.com\/en\/wp-json\/wp\/v2\/media\/11046"}],"wp:attachment":[{"href":"https:\/\/laciviltadelbere.com\/en\/wp-json\/wp\/v2\/media?parent=12136"}],"wp:term":[{"taxonomy":"product_cat","embeddable":true,"href":"https:\/\/laciviltadelbere.com\/en\/wp-json\/wp\/v2\/product_cat?post=12136"},{"taxonomy":"product_tag","embeddable":true,"href":"https:\/\/laciviltadelbere.com\/en\/wp-json\/wp\/v2\/product_tag?post=12136"},{"taxonomy":"cantina","embeddable":true,"href":"https:\/\/laciviltadelbere.com\/en\/wp-json\/wp\/v2\/cantina?post=12136"}],"curies":[{"name":"wp","href":"https:\/\/api.w.org\/{rel}","templated":true}]}}