{"id":12101,"date":"2022-05-17T16:25:02","date_gmt":"2022-05-17T14:25:02","guid":{"rendered":"https:\/\/laciviltadelbere.com\/prodotto\/champagne-premier-cru-blanc-de-blancs-pas-dose-lamateur-david-leclapart\/"},"modified":"2022-05-17T16:25:02","modified_gmt":"2022-05-17T14:25:02","slug":"champagne-premier-cru-blanc-de-blancs-pas-dose-lamateur-david-leclapart","status":"publish","type":"product","link":"https:\/\/laciviltadelbere.com\/en\/prodotto\/champagne-premier-cru-blanc-de-blancs-pas-dose-lamateur-david-leclapart\/","title":{"rendered":"Champagne Premier Cru Blanc de Blancs Pas Dos\u00e8 &#8220;L&#8217;Amateur&#8221; &#8211; David L\u00e9clapart"},"content":{"rendered":"","protected":false},"excerpt":{"rendered":"<p>David L\u00e9clapart works about 3 hectares spread over no less than 22 plots, all in the commune of Tr\u00e9pail, Premier Cru of the Montagne de Reims. Eighty-seven percent of the L\u00e9clapart vineyards are planted with white grapes, while 40 ares are devoted to Pinot Noir. The exclusion of any synthetic chemical, the total and spontaneous grassing of the soil, and the use of biodynamic preparations, do not satiate this winemaker&#8217;s desire for naturalness.Fine perlage and a straw-yellow color, full and bright for this Champagne vinified only in enameled steel tanks.<br \/>\nThe bouquet is floral, with hints of yellow and white-fleshed fruit. In the mouth, minerality and freshness stand out, with a long and balanced finish.<br \/>\nHarvest 2019 &#8211; D\u00e9gorgement: January 2022<\/p>\n<div class=\"caratteristiche\">\n<div class=\"temperatura\">\n<div class=\"icona-temperatura\"><\/div>\n<h4>Temperature:<\/h4>\n<p>8-10\u00b0<\/p>\n<\/div>\n<div class=\"abbinamento\">\n<div class=\"icona-abbinamento\"><\/div>\n<h4>Combinations:<\/h4>\n<p>Seafood dishes<\/p>\n<\/div>\n<div class=\"vitigno\">\n<div class=\"icona-vitigno\"><\/div>\n<h4>Grapevine:<\/h4>\n<p>100% chardonnay<\/p>\n<\/div>\n<div class=\"gradazione\">\n<div class=\"icona-gradazione\"><\/div>\n<h4>Gradation:<\/h4>\n<p>12,5 %<\/p>\n<\/div>\n<div class=\"formato\">\n<div class=\"icona-formato\"><\/div>\n<h4>Size:<\/h4>\n<p>75cl<\/p>\n<\/div>\n<\/div>\n","protected":false},"featured_media":11084,"template":"","meta":{"inline_featured_image":false},"product_cat":[770,769,748],"product_tag":[1059,780,771,1104],"cantina":[],"wppr_data":[],"_links":{"self":[{"href":"https:\/\/laciviltadelbere.com\/en\/wp-json\/wp\/v2\/product\/12101"}],"collection":[{"href":"https:\/\/laciviltadelbere.com\/en\/wp-json\/wp\/v2\/product"}],"about":[{"href":"https:\/\/laciviltadelbere.com\/en\/wp-json\/wp\/v2\/types\/product"}],"version-history":[{"count":0,"href":"https:\/\/laciviltadelbere.com\/en\/wp-json\/wp\/v2\/product\/12101\/revisions"}],"wp:featuredmedia":[{"embeddable":true,"href":"https:\/\/laciviltadelbere.com\/en\/wp-json\/wp\/v2\/media\/11084"}],"wp:attachment":[{"href":"https:\/\/laciviltadelbere.com\/en\/wp-json\/wp\/v2\/media?parent=12101"}],"wp:term":[{"taxonomy":"product_cat","embeddable":true,"href":"https:\/\/laciviltadelbere.com\/en\/wp-json\/wp\/v2\/product_cat?post=12101"},{"taxonomy":"product_tag","embeddable":true,"href":"https:\/\/laciviltadelbere.com\/en\/wp-json\/wp\/v2\/product_tag?post=12101"},{"taxonomy":"cantina","embeddable":true,"href":"https:\/\/laciviltadelbere.com\/en\/wp-json\/wp\/v2\/cantina?post=12101"}],"curies":[{"name":"wp","href":"https:\/\/api.w.org\/{rel}","templated":true}]}}