{"id":12053,"date":"2022-09-29T22:46:50","date_gmt":"2022-09-29T20:46:50","guid":{"rendered":"https:\/\/laciviltadelbere.com\/prodotto\/chateau-latour-pauillac-1er-grand-cru-classe-2014-in-owc-chateau-latour\/"},"modified":"2022-09-29T22:46:50","modified_gmt":"2022-09-29T20:46:50","slug":"chateau-latour-pauillac-1er-grand-cru-class-2014-in-owc-chateau-latour","status":"publish","type":"product","link":"https:\/\/laciviltadelbere.com\/en\/prodotto\/chateau-latour-pauillac-1er-grand-cru-class-2014-in-owc-chateau-latour\/","title":{"rendered":"Ch\u00e2teau Latour Pauillac 1er Grand Cru Class\u00e9 2014 in OWC &#8211; Ch\u00e2teau Latour"},"content":{"rendered":"","protected":false},"excerpt":{"rendered":"<p>Ch\u00e2teau Latour is located in the heart of M\u00e9doc viticulture, and its vineyard stretches across gravelly hills. A great wine that joins a fine series of excellent vintages. Pure and clean, this nectar proves to be severe, rich and taut; it expresses all its characteristics in surprising harmony and thus suggests good aging potential.<\/p>\n<div class=\"caratteristiche\">\n<div class=\"temperatura\">\n<div class=\"icona-temperatura\"><\/div>\n<h4>Temperature:<\/h4>\n<p>8-10\u00b0<\/p>\n<\/div>\n<div class=\"abbinamento\">\n<div class=\"icona-abbinamento\"><\/div>\n<h4>Combinations:<\/h4>\n<p>white meat, stewed fish<\/p>\n<\/div>\n<div class=\"vitigno\">\n<div class=\"icona-vitigno\"><\/div>\n<h4>Grapevine:<\/h4>\n<p>87% cabernet sauvignon, 13% merlot and petit verdot<\/p>\n<\/div>\n<div class=\"gradazione\">\n<div class=\"icona-gradazione\"><\/div>\n<h4>Gradation:<\/h4>\n<p>13%<\/p>\n<\/div>\n<div class=\"formato\">\n<div class=\"icona-formato\"><\/div>\n<h4>Size:<\/h4>\n<p>75 cl<\/p>\n<\/div>\n<\/div>\n","protected":false},"featured_media":11137,"template":"","meta":{"inline_featured_image":false},"product_cat":[758,742,743],"product_tag":[889,885,911],"cantina":[],"wppr_data":[],"_links":{"self":[{"href":"https:\/\/laciviltadelbere.com\/en\/wp-json\/wp\/v2\/product\/12053"}],"collection":[{"href":"https:\/\/laciviltadelbere.com\/en\/wp-json\/wp\/v2\/product"}],"about":[{"href":"https:\/\/laciviltadelbere.com\/en\/wp-json\/wp\/v2\/types\/product"}],"version-history":[{"count":0,"href":"https:\/\/laciviltadelbere.com\/en\/wp-json\/wp\/v2\/product\/12053\/revisions"}],"wp:featuredmedia":[{"embeddable":true,"href":"https:\/\/laciviltadelbere.com\/en\/wp-json\/wp\/v2\/media\/11137"}],"wp:attachment":[{"href":"https:\/\/laciviltadelbere.com\/en\/wp-json\/wp\/v2\/media?parent=12053"}],"wp:term":[{"taxonomy":"product_cat","embeddable":true,"href":"https:\/\/laciviltadelbere.com\/en\/wp-json\/wp\/v2\/product_cat?post=12053"},{"taxonomy":"product_tag","embeddable":true,"href":"https:\/\/laciviltadelbere.com\/en\/wp-json\/wp\/v2\/product_tag?post=12053"},{"taxonomy":"cantina","embeddable":true,"href":"https:\/\/laciviltadelbere.com\/en\/wp-json\/wp\/v2\/cantina?post=12053"}],"curies":[{"name":"wp","href":"https:\/\/api.w.org\/{rel}","templated":true}]}}