{"id":11732,"date":"2023-03-11T14:57:19","date_gmt":"2023-03-11T13:57:19","guid":{"rendered":"https:\/\/laciviltadelbere.com\/prodotto\/chateau-haut-brion-pessac-leognan-aoc-1er-grand-cru-classe-2019-chateau-haut-brion\/"},"modified":"2023-03-11T14:57:19","modified_gmt":"2023-03-11T13:57:19","slug":"chateau-haut-brion-pessac-leognan-aoc-1er-grand-cru-classe-2019-chateau-haut-brion","status":"publish","type":"product","link":"https:\/\/laciviltadelbere.com\/en\/prodotto\/chateau-haut-brion-pessac-leognan-aoc-1er-grand-cru-classe-2019-chateau-haut-brion\/","title":{"rendered":"Ch\u00e2teau Haut Brion Pessac-L\u00e9ognan AOC 1er Grand Cru Class\u00e9 2019 &#8211; Ch\u00e2teau Haut Brion"},"content":{"rendered":"","protected":false},"excerpt":{"rendered":"<p>Wines produced by this ancient and famous maison are a triumph of refinement and complexity, with in-bottle aging potential of thirty years or more. Chateau Haut Brion Pessac Leognan expresses great balance and personality. It has a deep ruby red color and on the nose, it offers notes of ripe black berries, cocoa, licorice and tobacco. On the palate, it is structured, tannic, aromatic and persistent. A jewel to embellish any exclusive wine cellars.<\/p>\n<p><strong>NOTE:<\/strong> these bottles are in our cellar in Bordeaux (Project &#8220;Chateau La civilt\u00e0 del bere&#8221;). We guarantee delivery in 5 working days.<\/p>\n<div class=\"caratteristiche\">\n<div class=\"temperatura\">\n<div class=\"icona-temperatura\"><\/div>\n<h4>Temperature:<\/h4>\n<p>8-10\u00b0C<\/p>\n<\/div>\n<div class=\"abbinamento\">\n<div class=\"icona-abbinamento\"><\/div>\n<h4>Pairings:<\/h4>\n<p>white meats, stewed fish<\/p>\n<\/div>\n<div class=\"vitigno\">\n<div class=\"icona-vitigno\"><\/div>\n<h4>Varietal:<\/h4>\n<p>44% Cabernet Sauvignon, 43% Merlot, 13% Cabernet Franc <\/p>\n<\/div>\n<div class=\"gradazione\">\n<div class=\"icona-gradazione\"><\/div>\n<h4>Alcohol content:<\/h4>\n<p>14.5%<\/p>\n<\/div>\n<div class=\"formato\">\n<div class=\"icona-formato\"><\/div>\n<h4>Size:<\/h4>\n<p>75 cl<\/p>\n<\/div>\n<\/div>\n","protected":false},"featured_media":11291,"template":"","meta":{"inline_featured_image":false},"product_cat":[758,742,743],"product_tag":[889,885,911],"cantina":[],"wppr_data":[],"_links":{"self":[{"href":"https:\/\/laciviltadelbere.com\/en\/wp-json\/wp\/v2\/product\/11732"}],"collection":[{"href":"https:\/\/laciviltadelbere.com\/en\/wp-json\/wp\/v2\/product"}],"about":[{"href":"https:\/\/laciviltadelbere.com\/en\/wp-json\/wp\/v2\/types\/product"}],"version-history":[{"count":0,"href":"https:\/\/laciviltadelbere.com\/en\/wp-json\/wp\/v2\/product\/11732\/revisions"}],"wp:featuredmedia":[{"embeddable":true,"href":"https:\/\/laciviltadelbere.com\/en\/wp-json\/wp\/v2\/media\/11291"}],"wp:attachment":[{"href":"https:\/\/laciviltadelbere.com\/en\/wp-json\/wp\/v2\/media?parent=11732"}],"wp:term":[{"taxonomy":"product_cat","embeddable":true,"href":"https:\/\/laciviltadelbere.com\/en\/wp-json\/wp\/v2\/product_cat?post=11732"},{"taxonomy":"product_tag","embeddable":true,"href":"https:\/\/laciviltadelbere.com\/en\/wp-json\/wp\/v2\/product_tag?post=11732"},{"taxonomy":"cantina","embeddable":true,"href":"https:\/\/laciviltadelbere.com\/en\/wp-json\/wp\/v2\/cantina?post=11732"}],"curies":[{"name":"wp","href":"https:\/\/api.w.org\/{rel}","templated":true}]}}