{"id":11681,"date":"2023-04-27T15:39:23","date_gmt":"2023-04-27T13:39:23","guid":{"rendered":"https:\/\/laciviltadelbere.com\/prodotto\/champagne-demi-sec-ice-imperial-moet-chandon\/"},"modified":"2023-04-27T15:39:23","modified_gmt":"2023-04-27T13:39:23","slug":"champagne-demi-sec-ice-imperial-moet-chandon","status":"publish","type":"product","link":"https:\/\/laciviltadelbere.com\/en\/prodotto\/champagne-demi-sec-ice-imperial-moet-chandon\/","title":{"rendered":"Champagne Demi-Sec Ice Imperial &#8211; Mo\u00ebt &#038; Chandon"},"content":{"rendered":"","protected":false},"excerpt":{"rendered":"<p>Champagne is not just a drink to be enjoyed at New Year, now that Mo\u00ebt &#038; Chandon has created this cuv\u00e9e Ice Imp\u00e9rial, a Champagne perfect to be enjoyed under the sun, with ice cubes! You will be impressed by the aromatic intensity of this Champagne with superb freshness! Don&#8217;t wait until the weather turns to enjoy it<\/p>\n<div class=\"caratteristiche\">\n<div class=\"temperatura\">\n<div class=\"icona-temperatura\"><\/div>\n<h4>Temperature:<\/h4>\n<p> 8-10\u00b0C <\/p>\n<\/p><\/div>\n<div class=\"abbinamento\">\n<div class=\"icona-abbinamento\"><\/div>\n<h4>Pairings:<\/h4>\n<p> Seafood dishes <\/p>\n<\/p><\/div>\n<div class=\"vitigno\">\n<div class=\"icona-vitigno\"><\/div>\n<h4>Varietal:<\/h4>\n<p>50% Pinot Noir, 40% Pinot Meunier, 20% Chardonnay\n<\/p><\/div>\n<div class=\"gradazione\">\n<div class=\"icona-gradazione\"><\/div>\n<h4>Alcohol content:<\/h4>\n<p> 12% <\/p>\n<\/p><\/div>\n<div class=\"formato\">\n<div class=\"icona-formato\"><\/div>\n<h4>Size:<\/h4>\n<p> 75cl <\/p>\n<\/p><\/div>\n<\/div>\n","protected":false},"featured_media":11343,"template":"","meta":{"inline_featured_image":false},"product_cat":[770,769],"product_tag":[780,771,844,845,846],"cantina":[1405],"wppr_data":[],"_links":{"self":[{"href":"https:\/\/laciviltadelbere.com\/en\/wp-json\/wp\/v2\/product\/11681"}],"collection":[{"href":"https:\/\/laciviltadelbere.com\/en\/wp-json\/wp\/v2\/product"}],"about":[{"href":"https:\/\/laciviltadelbere.com\/en\/wp-json\/wp\/v2\/types\/product"}],"version-history":[{"count":0,"href":"https:\/\/laciviltadelbere.com\/en\/wp-json\/wp\/v2\/product\/11681\/revisions"}],"wp:featuredmedia":[{"embeddable":true,"href":"https:\/\/laciviltadelbere.com\/en\/wp-json\/wp\/v2\/media\/11343"}],"wp:attachment":[{"href":"https:\/\/laciviltadelbere.com\/en\/wp-json\/wp\/v2\/media?parent=11681"}],"wp:term":[{"taxonomy":"product_cat","embeddable":true,"href":"https:\/\/laciviltadelbere.com\/en\/wp-json\/wp\/v2\/product_cat?post=11681"},{"taxonomy":"product_tag","embeddable":true,"href":"https:\/\/laciviltadelbere.com\/en\/wp-json\/wp\/v2\/product_tag?post=11681"},{"taxonomy":"cantina","embeddable":true,"href":"https:\/\/laciviltadelbere.com\/en\/wp-json\/wp\/v2\/cantina?post=11681"}],"curies":[{"name":"wp","href":"https:\/\/api.w.org\/{rel}","templated":true}]}}