{"id":11659,"date":"2023-06-03T12:22:36","date_gmt":"2023-06-03T10:22:36","guid":{"rendered":"https:\/\/laciviltadelbere.com\/prodotto\/champagne-brut-r-d-2008-with-case-bollinger\/"},"modified":"2023-06-03T12:22:36","modified_gmt":"2023-06-03T10:22:36","slug":"champagne-brut-r-d-2008-incase-bollinger","status":"publish","type":"product","link":"https:\/\/laciviltadelbere.com\/en\/prodotto\/champagne-brut-r-d-2008-incase-bollinger\/","title":{"rendered":"Champagne Brut R.D 2008 with case &#8211; Bollinger"},"content":{"rendered":"","protected":false},"excerpt":{"rendered":"<p>Do you know how R.D. was initially created? Madame Lily Bollinger used to go down to the cellar from time to time and have an old vintage still on the lees disgorged by hand, which she then tasted on the spot. From this habit, she had the idea of replicating this for Bollinger enthusiasts as well, albeit in limited quantities. And so R.D. was born.<br \/>\nThe name R.D. stands for &#8216;r\u00e9cemment d\u00e9gorg\u00e9&#8217;, or recently disgorged.<br \/>\nIt is made from grapes selected from only 14 villages in the Marne, with 91% of them being classified Grand Cru and the rest Premier Cru. After blending, the champagne is matured with cork stoppers (bouchon li\u00e8ge) for a good 12 years and finally was dosed at 3 g\/l, as is usual for the label.<br \/>\n&#8220;All R.D.s have been Grande Ann\u00e9e, but not all Grande Ann\u00e9es will become an R.D.&#8221;<\/p>\n<div class=\"caratteristiche\">\n<div class=\"temperatura\">\n<div class=\"icona-temperatura\"><\/div>\n<h4>Temperature:<\/h4>\n<p>8-10\u00b0C<\/p>\n<\/div>\n<div class=\"abbinamento\">\n<div class=\"icona-abbinamento\"><\/div>\n<h4>Pairings:<\/h4>\n<p>Seafood dishes<\/p>\n<\/div>\n<div class=\"vitigno\">\n<div class=\"icona-vitigno\"><\/div>\n<h4>Varietal:<\/h4>\n<p>Chardonnay 37%, Pinot Noir 63%<\/p>\n<\/div>\n<div class=\"gradazione\">\n<div class=\"icona-gradazione\"><\/div>\n<h4>Alcohol content:<\/h4>\n<p>12%<\/p>\n<\/div>\n<div class=\"formato\">\n<div class=\"icona-formato\"><\/div>\n<h4>Size:<\/h4>\n<p>75cl<\/p>\n<\/div>\n<\/div>\n","protected":false},"featured_media":10752,"template":"","meta":{"inline_featured_image":false},"product_cat":[770,758,769],"product_tag":[780,771,789],"cantina":[1397],"wppr_data":[],"_links":{"self":[{"href":"https:\/\/laciviltadelbere.com\/en\/wp-json\/wp\/v2\/product\/11659"}],"collection":[{"href":"https:\/\/laciviltadelbere.com\/en\/wp-json\/wp\/v2\/product"}],"about":[{"href":"https:\/\/laciviltadelbere.com\/en\/wp-json\/wp\/v2\/types\/product"}],"version-history":[{"count":0,"href":"https:\/\/laciviltadelbere.com\/en\/wp-json\/wp\/v2\/product\/11659\/revisions"}],"wp:featuredmedia":[{"embeddable":true,"href":"https:\/\/laciviltadelbere.com\/en\/wp-json\/wp\/v2\/media\/10752"}],"wp:attachment":[{"href":"https:\/\/laciviltadelbere.com\/en\/wp-json\/wp\/v2\/media?parent=11659"}],"wp:term":[{"taxonomy":"product_cat","embeddable":true,"href":"https:\/\/laciviltadelbere.com\/en\/wp-json\/wp\/v2\/product_cat?post=11659"},{"taxonomy":"product_tag","embeddable":true,"href":"https:\/\/laciviltadelbere.com\/en\/wp-json\/wp\/v2\/product_tag?post=11659"},{"taxonomy":"cantina","embeddable":true,"href":"https:\/\/laciviltadelbere.com\/en\/wp-json\/wp\/v2\/cantina?post=11659"}],"curies":[{"name":"wp","href":"https:\/\/api.w.org\/{rel}","templated":true}]}}